{"id":3190,"date":"2017-04-28T22:30:29","date_gmt":"2017-04-28T22:30:29","guid":{"rendered":"http:\/\/kevinragonneau.fr\/blog\/?page_id=3190"},"modified":"2024-05-23T15:06:58","modified_gmt":"2024-05-23T13:06:58","slug":"a-propos","status":"publish","type":"page","link":"https:\/\/kevinragonneau.fr\/blog\/a-propos","title":{"rendered":"\u00c0 propos"},"content":{"rendered":"<p>[vc_row][vc_column]<aside class=\"gap cf\" style=\"height:25px;\"><\/aside>[\/vc_column][\/vc_row][vc_row el_id=\u00a0\u00bbphotos-presentations\u00a0\u00bb][vc_column width=\u00a0\u00bb1\/3&Prime;]<a  rel=\"magnific\" href=\"https:\/\/kevinragonneau.fr\/blog\/wp-content\/uploads\/2019\/09\/AlisonPhotographer_Couple-Paris_M_K-185-1-2000x1500.jpg\" target=\"\" title=\"\"><img decoding=\"async\" width=\"2000\" height=\"1500\" src=\"https:\/\/kevinragonneau.fr\/blog\/wp-content\/uploads\/2019\/09\/AlisonPhotographer_Couple-Paris_M_K-185-1.jpg\" class=\" center full attachment-full\" alt=\"\" srcset=\"https:\/\/kevinragonneau.fr\/blog\/wp-content\/uploads\/2019\/09\/AlisonPhotographer_Couple-Paris_M_K-185-1.jpg 2000w, https:\/\/kevinragonneau.fr\/blog\/wp-content\/uploads\/2019\/09\/AlisonPhotographer_Couple-Paris_M_K-185-1-768x576.jpg 768w, https:\/\/kevinragonneau.fr\/blog\/wp-content\/uploads\/2019\/09\/AlisonPhotographer_Couple-Paris_M_K-185-1-1536x1152.jpg 1536w, https:\/\/kevinragonneau.fr\/blog\/wp-content\/uploads\/2019\/09\/AlisonPhotographer_Couple-Paris_M_K-185-1-770x578.jpg 770w\" sizes=\"(max-width: 2000px) 100vw, 2000px\" \/><\/a>[\/vc_column][vc_column width=\u00a0\u00bb1\/3&Prime;]<a  rel=\"magnific\" href=\"https:\/\/kevinragonneau.fr\/blog\/wp-content\/uploads\/2016\/12\/GC7A1408-1024x683.jpg\" target=\"\" title=\"\"><img decoding=\"async\" width=\"2000\" height=\"1333\" src=\"https:\/\/kevinragonneau.fr\/blog\/wp-content\/uploads\/2016\/12\/GC7A1408.jpg\" class=\" center full attachment-full\" alt=\"veste classe pour homme\" srcset=\"https:\/\/kevinragonneau.fr\/blog\/wp-content\/uploads\/2016\/12\/GC7A1408.jpg 2000w, https:\/\/kevinragonneau.fr\/blog\/wp-content\/uploads\/2016\/12\/GC7A1408-768x512.jpg 768w, https:\/\/kevinragonneau.fr\/blog\/wp-content\/uploads\/2016\/12\/GC7A1408-1536x1024.jpg 1536w, https:\/\/kevinragonneau.fr\/blog\/wp-content\/uploads\/2016\/12\/GC7A1408-770x513.jpg 770w, https:\/\/kevinragonneau.fr\/blog\/wp-content\/uploads\/2016\/12\/GC7A1408-300x200.jpg 300w, https:\/\/kevinragonneau.fr\/blog\/wp-content\/uploads\/2016\/12\/GC7A1408-1024x683.jpg 1024w\" sizes=\"(max-width: 2000px) 100vw, 2000px\" \/><\/a>[\/vc_column][vc_column width=\u00a0\u00bb1\/3&Prime;]<a  rel=\"magnific\" href=\"https:\/\/kevinragonneau.fr\/blog\/wp-content\/uploads\/2017\/10\/IMG_8308-2000x1333.jpg\" target=\"\" title=\"\"><img decoding=\"async\" width=\"2048\" height=\"1365\" src=\"https:\/\/kevinragonneau.fr\/blog\/wp-content\/uploads\/2017\/10\/IMG_8308-scaled.jpg\" class=\" center full attachment-full\" alt=\"men with class\" srcset=\"https:\/\/kevinragonneau.fr\/blog\/wp-content\/uploads\/2017\/10\/IMG_8308-scaled.jpg 2048w, https:\/\/kevinragonneau.fr\/blog\/wp-content\/uploads\/2017\/10\/IMG_8308-2000x1333.jpg 2000w, https:\/\/kevinragonneau.fr\/blog\/wp-content\/uploads\/2017\/10\/IMG_8308-768x512.jpg 768w, https:\/\/kevinragonneau.fr\/blog\/wp-content\/uploads\/2017\/10\/IMG_8308-1536x1024.jpg 1536w, https:\/\/kevinragonneau.fr\/blog\/wp-content\/uploads\/2017\/10\/IMG_8308-770x513.jpg 770w\" sizes=\"(max-width: 2048px) 100vw, 2048px\" \/><\/a>[\/vc_column][\/vc_row][vc_row][vc_column]<aside class=\"gap cf\" style=\"height:25px;\"><\/aside>[vc_column_text]Hello tout le monde ! Je m&rsquo;appelle <a href=\"http:\/\/kevinragonneau.fr\" target=\"_blank\" rel=\"noopener noreferrer\"><strong>Kevin Ragonneau<\/strong><\/a>, j&rsquo;ai <strong>29 ans<\/strong> et je vis \u00e0 <strong>Paris.<\/strong><\/p>\n<p>Je me\u00a0passionne tr\u00e8s jeune pour la culture web, la communication et cr\u00e9\u00e9 mon\u00a0premier site internet d\u00e8s l&rsquo;\u00e2ge de 14 ans qui a cumul\u00e9\u00a0plusieurs milliers de pages vues en quelques mois. Fort de ce succ\u00e8s, je\u00a0d\u00e9cide de faire carri\u00e8re dans ce domaine\u00a0et devient d\u00e9veloppeur pour un grand groupe fran\u00e7ais apr\u00e8s avoir pass\u00e9 3 ans en agence web. Je jongle aujourd\u2019hui entre mon\u00a0cdi sur des\u00a0projets d\u2019envergure (sites \u00e0 tr\u00e8s forte volum\u00e9trie &#8211; plusieurs millions de pages vues \/ mois &#8211; dont\u00a02 sites parmi les 500 plus visit\u00e9s en France) et les diff\u00e9rents projets que je\u00a0cultive. C\u2019est ainsi que je\u00a0lance\u00a0ce\u00a0<a href=\"http:\/\/kevinragonneau.fr\/blog\" target=\"_blank\" rel=\"noopener noreferrer\">blog<\/a>\u00a0et mon\u00a0compte\u00a0<a href=\"http:\/\/instagram.com\/kevinragonneau\" target=\"_blank\" rel=\"noopener noreferrer\">Instagram<\/a>\u00a0ax\u00e9s autour du lifestyle et de la mode en ao\u00fbt 2015 qui compte aujourd\u2019hui plus de 23 000 abonn\u00e9s gr\u00e2ce \u00e0 vous !<\/p>\n<p>Je lance <a href=\"https:\/\/allinks.click\/\">Allinks<\/a>, un service permettant de cr\u00e9er une page multi-liens \/ une landing page mobile enti\u00e8rement personnalisable gratuitement ainsi que des QR codes personnalis\u00e9s et des Smartlinks en Mars 2023.<\/p>\n<p>Sur mon blog\u00a0<a href=\"http:\/\/kevinragonneau.fr\/blog\/\"><strong>KevinRagonneau.fr\/blog<\/strong><\/a>, j&rsquo;aime partager mes <a href=\"http:\/\/kevinragonneau.fr\/blog\/categorie\/voyages\">voyages<\/a>, mes bons plans ainsi que mes <a href=\"http:\/\/kevinragonneau.fr\/blog\/categorie\/mode\/looks\">looks<\/a> et plus&#8230; Bref, du <a href=\"http:\/\/kevinragonneau.fr\/blog\/categorie\/lifestyle\">lifestyle<\/a> au sens large !<\/p>\n<p>Ce que vous pouvez trouver sur mon site ? Des <a href=\"http:\/\/kevinragonneau.fr\/blog\/categorie\/mode\/decouvertes\">d\u00e9couvertes<\/a> et <a href=\"http:\/\/kevinragonneau.fr\/blog\/categorie\/mode\/conseils\">conseils<\/a> modes, des <a href=\"https:\/\/kevinragonneau.fr\/blog\/shopping\">listes shopping<\/a>, des <a href=\"https:\/\/kevinragonneau.fr\/blog\/idees-cadeaux-de-noel-toute-famille\">id\u00e9es cadeaux pour tous<\/a>, des <a href=\"http:\/\/kevinragonneau.fr\/blog\/categorie\/bonnes-adresses\">bonnes adresses<\/a> <a href=\"http:\/\/kevinragonneau.fr\/blog\/categorie\/bonnes-adresses\/ou-manger\">o\u00f9 manger<\/a>, o\u00f9 sortir mais \u00e9galement <a href=\"http:\/\/kevinragonneau.fr\/blog\/categorie\/bonnes-adresses\/ou-dormir\">o\u00f9 dormir<\/a>, des <a href=\"http:\/\/kevinragonneau.fr\/blog\/categorie\/sport\">conseils sportifs<\/a>, des <a href=\"http:\/\/kevinragonneau.fr\/blog\/categorie\/playlists\">playlists<\/a> pour se motiver mais \u00e9galement des bons plans en tous genres avec toujours beaucoup de bonne humeur \ud83d\ude42<\/p>\n<p>Depuis septembre 2020, j&rsquo;ai \u00e9galement le bonheur d&rsquo;\u00eatre un mari combl\u00e9. Je vous partage depuis, ici, les pr\u00e9paratifs de notre mariage ainsi qu&rsquo;un peu de notre <em>lifestyle<\/em> et vision du couple tel que nous le vivons avec <a href=\"https:\/\/missudetteandco.com\" target=\"_blank\" rel=\"noopener noreferrer\">Marine.<\/a> Je suis \u00e9galement papa de notre petite Gabilou depuis Janvier 2023 &#x2728;<\/p>\n<p>Retrouvez moi \u00e9galement sur\u00a0<a href=\"http:\/\/instagram.com\/kevinragonneau\" target=\"_blank\" rel=\"noopener noreferrer\">Instagram<\/a>,\u00a0<a href=\"http:\/\/facebook.com\/kevinragonneau\" target=\"_blank\" rel=\"noopener noreferrer\">Facebook<\/a>\u00a0&amp;\u00a0<a href=\"http:\/\/twitter.com\/k_ragonneau\" target=\"_blank\" rel=\"noopener noreferrer\">Twitter<\/a>[\/vc_column_text]<aside class=\"gap cf\" style=\"height:40px;\"><\/aside>[\/vc_column][\/vc_row][vc_row thb_full_width=\u00a0\u00bbtrue\u00a0\u00bb row_padding=\u00a0\u00bbtrue\u00a0\u00bb column_padding=\u00a0\u00bbfalse\u00a0\u00bb][vc_column][vc_column_text][instagram-feed num=8 cols=8][\/vc_column_text][\/vc_column][\/vc_row]<\/p>\n","protected":false},"excerpt":{"rendered":"<p>[vc_row][vc_column][\/vc_column][\/vc_row][vc_row el_id=\u00a0\u00bbphotos-presentations\u00a0\u00bb][vc_column width=\u00a0\u00bb1\/3&Prime;][\/vc_column][vc_column width=\u00a0\u00bb1\/3&Prime;][\/vc_column][vc_column width=\u00a0\u00bb1\/3&Prime;][\/vc_column][\/vc_row][vc_row][vc_column][vc_column_text]Hello tout le monde ! Je m&rsquo;appelle Kevin Ragonneau, j&rsquo;ai 29 ans et je vis \u00e0 Paris. Je me\u00a0passionne tr\u00e8s jeune pour la culture web, la communication et cr\u00e9\u00e9 mon\u00a0premier site internet d\u00e8s l&rsquo;\u00e2ge de 14 ans qui a cumul\u00e9\u00a0plusieurs milliers de pages vues en quelques mois. Fort de ce succ\u00e8s, [&hellip;]<\/p>\n","protected":false},"author":1,"featured_media":0,"parent":0,"menu_order":0,"comment_status":"closed","ping_status":"closed","template":"","meta":{"_acf_changed":false,"footnotes":""},"class_list":["post-3190","page","type-page","status-publish","hentry"],"acf":[],"yoast_head":"<!-- This site is optimized with the Yoast SEO plugin v26.5 - https:\/\/yoast.com\/wordpress\/plugins\/seo\/ -->\n<title>\u00c0 propos - Kevin Ragonneau<\/title>\n<meta name=\"robots\" content=\"index, follow, max-snippet:-1, max-image-preview:large, max-video-preview:-1\" \/>\n<link rel=\"canonical\" href=\"https:\/\/kevinragonneau.fr\/blog\/a-propos\" \/>\n<meta property=\"og:locale\" content=\"fr_FR\" \/>\n<meta property=\"og:type\" content=\"article\" \/>\n<meta property=\"og:title\" content=\"\u00c0 propos - Kevin Ragonneau\" \/>\n<meta property=\"og:description\" content=\"[vc_row][vc_column][\/vc_column][\/vc_row][vc_row el_id=\u00a0\u00bbphotos-presentations\u00a0\u00bb][vc_column width=\u00a0\u00bb1\/3&Prime;][\/vc_column][vc_column width=\u00a0\u00bb1\/3&Prime;][\/vc_column][vc_column width=\u00a0\u00bb1\/3&Prime;][\/vc_column][\/vc_row][vc_row][vc_column][vc_column_text]Hello tout le monde ! Je m&rsquo;appelle Kevin Ragonneau, j&rsquo;ai 29 ans et je vis \u00e0 Paris. Je me\u00a0passionne tr\u00e8s jeune pour la culture web, la communication et cr\u00e9\u00e9 mon\u00a0premier site internet d\u00e8s l&rsquo;\u00e2ge de 14 ans qui a cumul\u00e9\u00a0plusieurs milliers de pages vues en quelques mois. Fort de ce succ\u00e8s, [&hellip;]\" \/>\n<meta property=\"og:url\" content=\"https:\/\/kevinragonneau.fr\/blog\/a-propos\" \/>\n<meta property=\"og:site_name\" content=\"Blog Lifestyle : Conseils de Voyage, Mode, Marketing Digital et Vie de Famille Inspirante\" \/>\n<meta property=\"article:publisher\" content=\"http:\/\/facebook.com\/kevinragonneau\" \/>\n<meta property=\"article:modified_time\" content=\"2024-05-23T13:06:58+00:00\" \/>\n<meta name=\"twitter:card\" content=\"summary_large_image\" \/>\n<meta name=\"twitter:site\" content=\"@K_Ragonneau\" \/>\n<meta name=\"twitter:label1\" content=\"Dur\u00e9e de lecture estim\u00e9e\" \/>\n\t<meta name=\"twitter:data1\" content=\"2 minutes\" \/>\n<script type=\"application\/ld+json\" class=\"yoast-schema-graph\">{\"@context\":\"https:\/\/schema.org\",\"@graph\":[{\"@type\":\"WebPage\",\"@id\":\"https:\/\/kevinragonneau.fr\/blog\/a-propos\",\"url\":\"https:\/\/kevinragonneau.fr\/blog\/a-propos\",\"name\":\"\u00c0 propos - Kevin Ragonneau\",\"isPartOf\":{\"@id\":\"https:\/\/kevinragonneau.fr\/blog\/#website\"},\"datePublished\":\"2017-04-28T22:30:29+00:00\",\"dateModified\":\"2024-05-23T13:06:58+00:00\",\"breadcrumb\":{\"@id\":\"https:\/\/kevinragonneau.fr\/blog\/a-propos#breadcrumb\"},\"inLanguage\":\"fr-FR\",\"potentialAction\":[{\"@type\":\"ReadAction\",\"target\":[\"https:\/\/kevinragonneau.fr\/blog\/a-propos\"]}]},{\"@type\":\"BreadcrumbList\",\"@id\":\"https:\/\/kevinragonneau.fr\/blog\/a-propos#breadcrumb\",\"itemListElement\":[{\"@type\":\"ListItem\",\"position\":1,\"name\":\"Accueil\",\"item\":\"https:\/\/kevinragonneau.fr\/blog\/\"},{\"@type\":\"ListItem\",\"position\":2,\"name\":\"\u00c0 propos\"}]},{\"@type\":\"WebSite\",\"@id\":\"https:\/\/kevinragonneau.fr\/blog\/#website\",\"url\":\"https:\/\/kevinragonneau.fr\/blog\/\",\"name\":\"Blog Lifestyle : Conseils de Voyage, Mode, Marketing Digital et Vie de Famille Inspirante\",\"description\":\"Explorer, Cr\u00e9er, Partager : Un quotidien entre passions et famille\",\"alternateName\":\"Blog de Kevin Ragonneau\",\"potentialAction\":[{\"@type\":\"SearchAction\",\"target\":{\"@type\":\"EntryPoint\",\"urlTemplate\":\"https:\/\/kevinragonneau.fr\/blog\/?s={search_term_string}\"},\"query-input\":{\"@type\":\"PropertyValueSpecification\",\"valueRequired\":true,\"valueName\":\"search_term_string\"}}],\"inLanguage\":\"fr-FR\"}]}<\/script>\n<!-- \/ Yoast SEO plugin. -->","yoast_head_json":{"title":"\u00c0 propos - Kevin Ragonneau","robots":{"index":"index","follow":"follow","max-snippet":"max-snippet:-1","max-image-preview":"max-image-preview:large","max-video-preview":"max-video-preview:-1"},"canonical":"https:\/\/kevinragonneau.fr\/blog\/a-propos","og_locale":"fr_FR","og_type":"article","og_title":"\u00c0 propos - Kevin Ragonneau","og_description":"[vc_row][vc_column][\/vc_column][\/vc_row][vc_row el_id=\u00a0\u00bbphotos-presentations\u00a0\u00bb][vc_column width=\u00a0\u00bb1\/3&Prime;][\/vc_column][vc_column width=\u00a0\u00bb1\/3&Prime;][\/vc_column][vc_column width=\u00a0\u00bb1\/3&Prime;][\/vc_column][\/vc_row][vc_row][vc_column][vc_column_text]Hello tout le monde ! Je m&rsquo;appelle Kevin Ragonneau, j&rsquo;ai 29 ans et je vis \u00e0 Paris. Je me\u00a0passionne tr\u00e8s jeune pour la culture web, la communication et cr\u00e9\u00e9 mon\u00a0premier site internet d\u00e8s l&rsquo;\u00e2ge de 14 ans qui a cumul\u00e9\u00a0plusieurs milliers de pages vues en quelques mois. Fort de ce succ\u00e8s, [&hellip;]","og_url":"https:\/\/kevinragonneau.fr\/blog\/a-propos","og_site_name":"Blog Lifestyle : Conseils de Voyage, Mode, Marketing Digital et Vie de Famille Inspirante","article_publisher":"http:\/\/facebook.com\/kevinragonneau","article_modified_time":"2024-05-23T13:06:58+00:00","twitter_card":"summary_large_image","twitter_site":"@K_Ragonneau","twitter_misc":{"Dur\u00e9e de lecture estim\u00e9e":"2 minutes"},"schema":{"@context":"https:\/\/schema.org","@graph":[{"@type":"WebPage","@id":"https:\/\/kevinragonneau.fr\/blog\/a-propos","url":"https:\/\/kevinragonneau.fr\/blog\/a-propos","name":"\u00c0 propos - Kevin Ragonneau","isPartOf":{"@id":"https:\/\/kevinragonneau.fr\/blog\/#website"},"datePublished":"2017-04-28T22:30:29+00:00","dateModified":"2024-05-23T13:06:58+00:00","breadcrumb":{"@id":"https:\/\/kevinragonneau.fr\/blog\/a-propos#breadcrumb"},"inLanguage":"fr-FR","potentialAction":[{"@type":"ReadAction","target":["https:\/\/kevinragonneau.fr\/blog\/a-propos"]}]},{"@type":"BreadcrumbList","@id":"https:\/\/kevinragonneau.fr\/blog\/a-propos#breadcrumb","itemListElement":[{"@type":"ListItem","position":1,"name":"Accueil","item":"https:\/\/kevinragonneau.fr\/blog\/"},{"@type":"ListItem","position":2,"name":"\u00c0 propos"}]},{"@type":"WebSite","@id":"https:\/\/kevinragonneau.fr\/blog\/#website","url":"https:\/\/kevinragonneau.fr\/blog\/","name":"Blog Lifestyle : Conseils de Voyage, Mode, Marketing Digital et Vie de Famille Inspirante","description":"Explorer, Cr\u00e9er, Partager : Un quotidien entre passions et famille","alternateName":"Blog de Kevin Ragonneau","potentialAction":[{"@type":"SearchAction","target":{"@type":"EntryPoint","urlTemplate":"https:\/\/kevinragonneau.fr\/blog\/?s={search_term_string}"},"query-input":{"@type":"PropertyValueSpecification","valueRequired":true,"valueName":"search_term_string"}}],"inLanguage":"fr-FR"}]}},"_links":{"self":[{"href":"https:\/\/kevinragonneau.fr\/blog\/wp-json\/wp\/v2\/pages\/3190","targetHints":{"allow":["GET"]}}],"collection":[{"href":"https:\/\/kevinragonneau.fr\/blog\/wp-json\/wp\/v2\/pages"}],"about":[{"href":"https:\/\/kevinragonneau.fr\/blog\/wp-json\/wp\/v2\/types\/page"}],"author":[{"embeddable":true,"href":"https:\/\/kevinragonneau.fr\/blog\/wp-json\/wp\/v2\/users\/1"}],"replies":[{"embeddable":true,"href":"https:\/\/kevinragonneau.fr\/blog\/wp-json\/wp\/v2\/comments?post=3190"}],"version-history":[{"count":0,"href":"https:\/\/kevinragonneau.fr\/blog\/wp-json\/wp\/v2\/pages\/3190\/revisions"}],"wp:attachment":[{"href":"https:\/\/kevinragonneau.fr\/blog\/wp-json\/wp\/v2\/media?parent=3190"}],"curies":[{"name":"wp","href":"https:\/\/api.w.org\/{rel}","templated":true}]}}